{"id":144,"date":"2020-06-23T03:35:43","date_gmt":"2020-06-23T03:35:43","guid":{"rendered":"https:\/\/www.siscat.com.co\/?page_id=144"},"modified":"2020-06-29T16:00:16","modified_gmt":"2020-06-29T16:00:16","slug":"facturacion","status":"publish","type":"page","link":"https:\/\/www.siscat.com.co\/?page_id=144","title":{"rendered":"Facturaci\u00f3n"},"content":{"rendered":"\n<p><span class=\"has-inline-color has-bright-blue-color\">AQUARIS <\/span>&#8211; Toma de Lecturas en papel o con terminales PDA de lecturas, An\u00e1lisis de Consumos, Revisiones, Liquidaci\u00f3n de Consumos, Impresi\u00f3n de Facturas, Reclamos, Control de Cortes y Re conexiones, Financiaciones, Control de Recaudos, Informes al SUI, Informes Contables y Estad\u00edsticos entre otros.<\/p>\n\n\n\n<p><\/p>\n","protected":false},"excerpt":{"rendered":"<p>AQUARIS &#8211; Toma de Lecturas en papel o con terminales PDA de lecturas, An\u00e1lisis de Consumos, Revisiones, Liquidaci\u00f3n de Consumos, Impresi\u00f3n de Facturas, Reclamos, Control de Cortes y Re conexiones, Financiaciones, Control de Recaudos, Informes al SUI, Informes Contables y Estad\u00edsticos entre otros.<\/p>\n","protected":false},"author":1,"featured_media":0,"parent":0,"menu_order":0,"comment_status":"closed","ping_status":"closed","template":"","meta":[],"_links":{"self":[{"href":"https:\/\/www.siscat.com.co\/index.php?rest_route=\/wp\/v2\/pages\/144"}],"collection":[{"href":"https:\/\/www.siscat.com.co\/index.php?rest_route=\/wp\/v2\/pages"}],"about":[{"href":"https:\/\/www.siscat.com.co\/index.php?rest_route=\/wp\/v2\/types\/page"}],"author":[{"embeddable":true,"href":"https:\/\/www.siscat.com.co\/index.php?rest_route=\/wp\/v2\/users\/1"}],"replies":[{"embeddable":true,"href":"https:\/\/www.siscat.com.co\/index.php?rest_route=%2Fwp%2Fv2%2Fcomments&post=144"}],"version-history":[{"count":4,"href":"https:\/\/www.siscat.com.co\/index.php?rest_route=\/wp\/v2\/pages\/144\/revisions"}],"predecessor-version":[{"id":221,"href":"https:\/\/www.siscat.com.co\/index.php?rest_route=\/wp\/v2\/pages\/144\/revisions\/221"}],"wp:attachment":[{"href":"https:\/\/www.siscat.com.co\/index.php?rest_route=%2Fwp%2Fv2%2Fmedia&parent=144"}],"curies":[{"name":"wp","href":"https:\/\/api.w.org\/{rel}","templated":true}]}}