{"id":150,"date":"2020-06-23T03:45:24","date_gmt":"2020-06-23T03:45:24","guid":{"rendered":"https:\/\/www.siscat.com.co\/?page_id=150"},"modified":"2020-08-17T17:45:06","modified_gmt":"2020-08-17T17:45:06","slug":"mesmerize","status":"publish","type":"page","link":"https:\/\/www.siscat.com.co\/","title":{"rendered":"AQUARIUS"},"content":{"rendered":"<div id=\"about-1\" class=\"about-images-right-section content-section content-section-spacing\" style=\"background-color: #ffffff;\" data-label=\"About\" data-id=\"about-images-right-section-mc\" data-export-id=\"about-images-right-section-mc\" data-category=\"about\">\n<div class=\"gridContainer\">\n<div class=\"row middle-sm text-center\">\n<div class=\"col-sm-5 content-center-sm\" data-type=\"column\">\n<h3 style=\"text-align: left;\"><span style=\"font-family: 'Playfair Display', sans-serif; color: #2195ed;\"><b><i>Sistema de Facturaci\u00f3n de Servicios P\u00fablicos de Agua Potable, Alcantarillado y Aseo<\/i><\/b><\/span><\/h3>\n<p><img loading=\"lazy\" class=\"wp-image-260 alignleft\" src=\"https:\/\/www.siscat.com.co\/wp-content\/uploads\/2020\/08\/pda.jpg\" alt=\"\" width=\"95\" height=\"95\" srcset=\"https:\/\/www.siscat.com.co\/wp-content\/uploads\/2020\/08\/pda.jpg 225w, https:\/\/www.siscat.com.co\/wp-content\/uploads\/2020\/08\/pda-150x150.jpg 150w\" sizes=\"(max-width: 95px) 85vw, 95px\" \/><\/p>\n<p>Toma de Lecturas en papel o con terminales portatiles-PDA, An\u00e1lisis de Consumos, Revisiones, Liquidaci\u00f3n de Consumos, Impresi\u00f3n de Facturas, Reclamos, Control de Cortes y Re conexiones, Financiaciones, Control de Recaudos, Informes al SUI, Informes Contables y Estad\u00edsticos entre otros.<\/p>\n<\/div>\n<\/div>\n<\/div>\n<\/div>\n<h3 style=\"text-align: center;\" data-content-shortcode=\"mesmerize_contact_form\" data-editable=\"true\"><strong><span style=\"color: #2195ed;\">Cargue de Informaci\u00f3n al SUI.<\/span><\/strong><\/h3>\n<div data-content-shortcode=\"mesmerize_contact_form\" data-editable=\"true\">\u00a0<\/div>\n<div data-content-shortcode=\"mesmerize_contact_form\" data-editable=\"true\">\n<pre class=\"rich-text block-editor-rich-text__editable wp-block-preformatted\" role=\"textbox\" contenteditable=\"true\" aria-multiline=\"true\" aria-label=\"Escribe texto preformateado\u2026\"><a href=\"https:\/\/www.superservicios.gov.co\/servicios-al-ciudadano\/documentos-en-consulta\/cargue-al-sistema-unico-de-informacion-sui-relacionado\" target=\"_blank\" rel=\"noopener noreferrer\"><img loading=\"lazy\" class=\"alignleft wp-image-262\" src=\"https:\/\/www.siscat.com.co\/wp-content\/uploads\/2020\/08\/sui-300x68.png\" alt=\"\" width=\"142\" height=\"32\" srcset=\"https:\/\/www.siscat.com.co\/wp-content\/uploads\/2020\/08\/sui-300x68.png 300w, https:\/\/www.siscat.com.co\/wp-content\/uploads\/2020\/08\/sui.png 471w\" sizes=\"(max-width: 142px) 85vw, 142px\" \/><\/a>Validaci\u00f3n y Cargue de los Formatos de Acueducto, Alcantarillado y Aseo al Sistema \u00danico de Informaci\u00f3n (SUI) de la SuperIntendencia de Servicios P\u00fablicos Domiciliarios, de acuerdo a la normatividad vigente.<\/pre>\n<p style=\"text-align: center;\" data-content-shortcode=\"mesmerize_contact_form\" data-editable=\"true\"><strong><span style=\"color: #2195ed;\">Avaluos.<\/span><\/strong><\/p>\n<pre class=\"rich-text block-editor-rich-text__editable wp-block-preformatted\" role=\"textbox\" contenteditable=\"true\" aria-multiline=\"true\" aria-label=\"Escribe texto preformateado\u2026\"><img loading=\"lazy\" class=\"alignleft  wp-image-265\" src=\"https:\/\/www.siscat.com.co\/wp-content\/uploads\/2020\/08\/avaluos-300x163.jpg\" alt=\"\" width=\"70\" height=\"38\" srcset=\"https:\/\/www.siscat.com.co\/wp-content\/uploads\/2020\/08\/avaluos-300x163.jpg 300w, https:\/\/www.siscat.com.co\/wp-content\/uploads\/2020\/08\/avaluos.jpg 324w\" sizes=\"(max-width: 70px) 85vw, 70px\" \/><br \/>Aval\u00faos de Predios, Maquinaria y Equipo de acuerdo a la normatividad vigente.<\/pre>\n<\/div>\n<p style=\"text-align: center;\" data-content-shortcode=\"mesmerize_contact_form\" data-editable=\"true\"><strong><span style=\"color: #2195ed;\">Estudio de Tarifas de Agua, Alcantarillado Y aseo<\/span><\/strong><\/p>\n<pre class=\"rich-text block-editor-rich-text__editable wp-block-preformatted\" role=\"textbox\" contenteditable=\"true\" aria-multiline=\"true\" aria-label=\"Escribe texto preformateado\u2026\"><a href=\"www.cra.gov.co\/seccion\/guia-n-10-guia-metodologica-de-costos-y-tarifas.html\" target=\"_blank\" rel=\"noopener noreferrer\"><img loading=\"lazy\" class=\"alignleft wp-image-229\" src=\"https:\/\/www.siscat.com.co\/wp-content\/uploads\/2020\/06\/taseo-200x300.jpg\" alt=\"CRA\" width=\"73\" height=\"110\" srcset=\"https:\/\/www.siscat.com.co\/wp-content\/uploads\/2020\/06\/taseo-200x300.jpg 200w, https:\/\/www.siscat.com.co\/wp-content\/uploads\/2020\/06\/taseo.jpg 253w\" sizes=\"(max-width: 73px) 85vw, 73px\" \/><\/a><br \/>Estudio de Costos de Tarifas para los servicios de Agua Potable, Alcantarillado y Aseo de acuerdo a las resoluciones vigentes expedidas por la Comisi\u00f3n de Regulaci\u00f3n De Agua Potable (CRA).<\/pre>\n<div data-content-shortcode=\"mesmerize_contact_form\" data-editable=\"true\">\u00a0<\/div>\n\n\n<p><\/p>\n","protected":false},"excerpt":{"rendered":"<p>Sistema de Facturaci\u00f3n de Servicios P\u00fablicos de Agua Potable, Alcantarillado y Aseo Toma de Lecturas en papel o con terminales portatiles-PDA, An\u00e1lisis de Consumos, Revisiones, Liquidaci\u00f3n de Consumos, Impresi\u00f3n de Facturas, Reclamos, Control de Cortes y Re conexiones, Financiaciones, Control de Recaudos, Informes al SUI, Informes Contables y Estad\u00edsticos entre otros. Cargue de Informaci\u00f3n al &hellip; <a href=\"https:\/\/www.siscat.com.co\/\" class=\"more-link\">Continuar leyendo<span class=\"screen-reader-text\"> &#8220;AQUARIUS&#8221;<\/span><\/a><\/p>\n","protected":false},"author":1,"featured_media":0,"parent":0,"menu_order":0,"comment_status":"closed","ping_status":"closed","template":"page-templates\/homepage.php","meta":[],"_links":{"self":[{"href":"https:\/\/www.siscat.com.co\/index.php?rest_route=\/wp\/v2\/pages\/150"}],"collection":[{"href":"https:\/\/www.siscat.com.co\/index.php?rest_route=\/wp\/v2\/pages"}],"about":[{"href":"https:\/\/www.siscat.com.co\/index.php?rest_route=\/wp\/v2\/types\/page"}],"author":[{"embeddable":true,"href":"https:\/\/www.siscat.com.co\/index.php?rest_route=\/wp\/v2\/users\/1"}],"replies":[{"embeddable":true,"href":"https:\/\/www.siscat.com.co\/index.php?rest_route=%2Fwp%2Fv2%2Fcomments&post=150"}],"version-history":[{"count":46,"href":"https:\/\/www.siscat.com.co\/index.php?rest_route=\/wp\/v2\/pages\/150\/revisions"}],"predecessor-version":[{"id":267,"href":"https:\/\/www.siscat.com.co\/index.php?rest_route=\/wp\/v2\/pages\/150\/revisions\/267"}],"wp:attachment":[{"href":"https:\/\/www.siscat.com.co\/index.php?rest_route=%2Fwp%2Fv2%2Fmedia&parent=150"}],"curies":[{"name":"wp","href":"https:\/\/api.w.org\/{rel}","templated":true}]}}