{"id":173,"date":"2020-06-28T01:52:10","date_gmt":"2020-06-28T01:52:10","guid":{"rendered":"https:\/\/www.siscat.com.co\/?page_id=173"},"modified":"2020-06-28T02:13:23","modified_gmt":"2020-06-28T02:13:23","slug":"cargue-al-sui","status":"publish","type":"page","link":"https:\/\/www.siscat.com.co\/?page_id=173","title":{"rendered":"Cargue al SUI"},"content":{"rendered":"\n<p>Validaci\u00f3n y Cargue de los Formatos de Acueducto, Alcantarillado y Aseo al Sistema  \u00danico de  Informaci\u00f3n (SUI) de la SuperIntendencia de Servicios P\u00fablicos Domiciliarios, de acuerdo a la normatividad vigente.<\/p>\n","protected":false},"excerpt":{"rendered":"<p>Validaci\u00f3n y Cargue de los Formatos de Acueducto, Alcantarillado y Aseo al Sistema \u00danico de Informaci\u00f3n (SUI) de la SuperIntendencia de Servicios P\u00fablicos Domiciliarios, de acuerdo a la normatividad vigente.<\/p>\n","protected":false},"author":1,"featured_media":0,"parent":0,"menu_order":0,"comment_status":"closed","ping_status":"closed","template":"","meta":[],"_links":{"self":[{"href":"https:\/\/www.siscat.com.co\/index.php?rest_route=\/wp\/v2\/pages\/173"}],"collection":[{"href":"https:\/\/www.siscat.com.co\/index.php?rest_route=\/wp\/v2\/pages"}],"about":[{"href":"https:\/\/www.siscat.com.co\/index.php?rest_route=\/wp\/v2\/types\/page"}],"author":[{"embeddable":true,"href":"https:\/\/www.siscat.com.co\/index.php?rest_route=\/wp\/v2\/users\/1"}],"replies":[{"embeddable":true,"href":"https:\/\/www.siscat.com.co\/index.php?rest_route=%2Fwp%2Fv2%2Fcomments&post=173"}],"version-history":[{"count":2,"href":"https:\/\/www.siscat.com.co\/index.php?rest_route=\/wp\/v2\/pages\/173\/revisions"}],"predecessor-version":[{"id":196,"href":"https:\/\/www.siscat.com.co\/index.php?rest_route=\/wp\/v2\/pages\/173\/revisions\/196"}],"wp:attachment":[{"href":"https:\/\/www.siscat.com.co\/index.php?rest_route=%2Fwp%2Fv2%2Fmedia&parent=173"}],"curies":[{"name":"wp","href":"https:\/\/api.w.org\/{rel}","templated":true}]}}